{"id":23409,"date":"2025-05-20T15:11:44","date_gmt":"2025-05-20T13:11:44","guid":{"rendered":"https:\/\/www.teynier.fr\/team\/sofia-gaspari-collaboratrice\/"},"modified":"2025-08-07T15:28:59","modified_gmt":"2025-08-07T13:28:59","slug":"sofia-gaspari-associate","status":"publish","type":"page","link":"https:\/\/www.teynier.fr\/en\/team\/sofia-gaspari-associate\/","title":{"rendered":"SOF\u00cdA GASPARI Associate"},"content":{"rendered":"\t\t<div data-elementor-type=\"wp-page\" data-elementor-id=\"23409\" class=\"elementor elementor-23409 elementor-23375\" data-elementor-post-type=\"page\">\n\t\t\t\t\t\t<section class=\"elementor-section elementor-top-section elementor-element elementor-element-6ff0030b elementor-section-full_width elementor-section-stretched elementor-reverse-mobile elementor-reverse-tablet elementor-section-height-default elementor-section-height-default\" data-id=\"6ff0030b\" data-element_type=\"section\" data-settings=\"{&quot;stretch_section&quot;:&quot;section-stretched&quot;}\">\n\t\t\t\t\t\t<div class=\"elementor-container elementor-column-gap-default\">\n\t\t\t\t\t<div class=\"elementor-column elementor-col-50 elementor-top-column elementor-element elementor-element-3ed58389\" data-id=\"3ed58389\" data-element_type=\"column\">\n\t\t\t<div class=\"elementor-widget-wrap elementor-element-populated\">\n\t\t\t\t\t\t<section class=\"elementor-section elementor-inner-section elementor-element elementor-element-120139c7 elementor-section-height-min-height elementor-section-boxed elementor-section-height-default elementor-invisible\" data-id=\"120139c7\" data-element_type=\"section\" data-settings=\"{&quot;animation&quot;:&quot;fadeIn&quot;}\">\n\t\t\t\t\t\t<div class=\"elementor-container elementor-column-gap-default\">\n\t\t\t\t\t<div class=\"elementor-column elementor-col-100 elementor-inner-column elementor-element elementor-element-39133387\" data-id=\"39133387\" data-element_type=\"column\">\n\t\t\t<div class=\"elementor-widget-wrap elementor-element-populated\">\n\t\t\t\t\t\t<div class=\"elementor-element elementor-element-7d1fea11 elementor-invisible elementor-widget elementor-widget-heading\" data-id=\"7d1fea11\" data-element_type=\"widget\" data-settings=\"{&quot;_animation&quot;:&quot;fadeInLeft&quot;}\" data-widget_type=\"heading.default\">\n\t\t\t\t<div class=\"elementor-widget-container\">\n\t\t\t<h2 class=\"elementor-heading-title elementor-size-default\">Sof\u00eda GASPARI<\/h2>\t\t<\/div>\n\t\t\t\t<\/div>\n\t\t\t\t<div class=\"elementor-element elementor-element-450855b0 elementor-invisible elementor-widget elementor-widget-heading\" data-id=\"450855b0\" data-element_type=\"widget\" data-settings=\"{&quot;_animation&quot;:&quot;fadeInLeft&quot;,&quot;_animation_delay&quot;:200}\" data-widget_type=\"heading.default\">\n\t\t\t\t<div class=\"elementor-widget-container\">\n\t\t\t<h5 class=\"elementor-heading-title elementor-size-default\">Associate<\/h5>\t\t<\/div>\n\t\t\t\t<\/div>\n\t\t\t\t<div class=\"elementor-element elementor-element-41c7c28c elementor-icon-list--layout-traditional elementor-list-item-link-full_width elementor-invisible elementor-widget elementor-widget-icon-list\" data-id=\"41c7c28c\" data-element_type=\"widget\" data-settings=\"{&quot;_animation&quot;:&quot;fadeInLeft&quot;,&quot;_animation_delay&quot;:400}\" data-widget_type=\"icon-list.default\">\n\t\t\t\t<div class=\"elementor-widget-container\">\n\t\t\t\t\t<ul class=\"elementor-icon-list-items\">\n\t\t\t\t\t\t\t<li class=\"elementor-icon-list-item\">\n\t\t\t\t\t\t\t\t\t\t\t<span class=\"elementor-icon-list-icon\">\n\t\t\t\t\t\t\t<i aria-hidden=\"true\" class=\"fas fa-phone-alt\"><\/i>\t\t\t\t\t\t<\/span>\n\t\t\t\t\t\t\t\t\t\t<span class=\"elementor-icon-list-text\">Direct line: +33 (0)1 85 61 06 38 <\/span>\n\t\t\t\t\t\t\t\t\t<\/li>\n\t\t\t\t\t\t\t\t<li class=\"elementor-icon-list-item\">\n\t\t\t\t\t\t\t\t\t\t\t<a href=\"mailto:sofia.gaspari@teynier.com\">\n\n\t\t\t\t\t\t\t\t\t\t\t\t<span class=\"elementor-icon-list-icon\">\n\t\t\t\t\t\t\t<i aria-hidden=\"true\" class=\"fas fa-envelope\"><\/i>\t\t\t\t\t\t<\/span>\n\t\t\t\t\t\t\t\t\t\t<span class=\"elementor-icon-list-text\">sofia.gaspari@teynier.com<\/span>\n\t\t\t\t\t\t\t\t\t\t\t<\/a>\n\t\t\t\t\t\t\t\t\t<\/li>\n\t\t\t\t\t\t\t\t<li class=\"elementor-icon-list-item\">\n\t\t\t\t\t\t\t\t\t\t\t<a href=\"https:\/\/www.linkedin.com\/in\/sofia-gaspari-78a931193\/\" target=\"_blank\">\n\n\t\t\t\t\t\t\t\t\t\t\t\t<span class=\"elementor-icon-list-icon\">\n\t\t\t\t\t\t\t<i aria-hidden=\"true\" class=\"fab fa-linkedin-in\"><\/i>\t\t\t\t\t\t<\/span>\n\t\t\t\t\t\t\t\t\t\t<span class=\"elementor-icon-list-text\">Linkedin<\/span>\n\t\t\t\t\t\t\t\t\t\t\t<\/a>\n\t\t\t\t\t\t\t\t\t<\/li>\n\t\t\t\t\t\t<\/ul>\n\t\t\t\t<\/div>\n\t\t\t\t<\/div>\n\t\t\t\t<div class=\"elementor-element elementor-element-12d8a963 elementor-widget elementor-widget-text-editor\" data-id=\"12d8a963\" data-element_type=\"widget\" data-widget_type=\"text-editor.default\">\n\t\t\t\t<div class=\"elementor-widget-container\">\n\t\t\t\t\t\t\t<p>Admitted to the Paris Bar, Sof\u00eda Gaspari\u2019s practice focuses on international arbitration and litigation.<\/p><p>In both commercial and investment arbitration, she acts as counsel in institutional or <em>ad hoc<\/em> proceedings in a variety of business sectors. Sof\u00eda also acts in commercial and peri-arbitration litigation before French Courts.<\/p><p>Before joining Teynier Pic, Sof\u00eda gained significant experience in international arbitration at leading law firms in Paris and Geneva, including Mayer Brown, LALIVE, Dechert, and Brown Rudnick.<\/p>\t\t\t\t\t\t<\/div>\n\t\t\t\t<\/div>\n\t\t\t\t<div class=\"elementor-element elementor-element-5c0630b elementor-invisible elementor-widget elementor-widget-accordion\" data-id=\"5c0630b\" data-element_type=\"widget\" data-settings=\"{&quot;_animation&quot;:&quot;fadeIn&quot;}\" data-widget_type=\"accordion.default\">\n\t\t\t\t<div class=\"elementor-widget-container\">\n\t\t\t\t\t<div class=\"elementor-accordion\">\n\t\t\t\t\t\t\t<div class=\"elementor-accordion-item\">\n\t\t\t\t\t<div id=\"elementor-tab-title-9641\" class=\"elementor-tab-title\" data-tab=\"1\" role=\"button\" aria-controls=\"elementor-tab-content-9641\" aria-expanded=\"false\">\n\t\t\t\t\t\t\t\t\t\t\t\t\t<span class=\"elementor-accordion-icon elementor-accordion-icon-left\" aria-hidden=\"true\">\n\t\t\t\t\t\t\t\t\t\t\t\t\t\t\t<span class=\"elementor-accordion-icon-closed\"><i class=\"fas fa-chevron-down\"><\/i><\/span>\n\t\t\t\t\t\t\t\t<span class=\"elementor-accordion-icon-opened\"><i class=\"fas fa-minus\"><\/i><\/span>\n\t\t\t\t\t\t\t\t\t\t\t\t\t\t<\/span>\n\t\t\t\t\t\t\t\t\t\t\t\t<a class=\"elementor-accordion-title\" tabindex=\"0\">Bar(s)<\/a>\n\t\t\t\t\t<\/div>\n\t\t\t\t\t<div id=\"elementor-tab-content-9641\" class=\"elementor-tab-content elementor-clearfix\" data-tab=\"1\" role=\"region\" aria-labelledby=\"elementor-tab-title-9641\"><ul>\n<li>Paris (2025)<\/li>\n<\/ul><\/div>\n\t\t\t\t<\/div>\n\t\t\t\t\t\t\t<div class=\"elementor-accordion-item\">\n\t\t\t\t\t<div id=\"elementor-tab-title-9642\" class=\"elementor-tab-title\" data-tab=\"2\" role=\"button\" aria-controls=\"elementor-tab-content-9642\" aria-expanded=\"false\">\n\t\t\t\t\t\t\t\t\t\t\t\t\t<span class=\"elementor-accordion-icon elementor-accordion-icon-left\" aria-hidden=\"true\">\n\t\t\t\t\t\t\t\t\t\t\t\t\t\t\t<span class=\"elementor-accordion-icon-closed\"><i class=\"fas fa-chevron-down\"><\/i><\/span>\n\t\t\t\t\t\t\t\t<span class=\"elementor-accordion-icon-opened\"><i class=\"fas fa-minus\"><\/i><\/span>\n\t\t\t\t\t\t\t\t\t\t\t\t\t\t<\/span>\n\t\t\t\t\t\t\t\t\t\t\t\t<a class=\"elementor-accordion-title\" tabindex=\"0\">Languages<\/a>\n\t\t\t\t\t<\/div>\n\t\t\t\t\t<div id=\"elementor-tab-content-9642\" class=\"elementor-tab-content elementor-clearfix\" data-tab=\"2\" role=\"region\" aria-labelledby=\"elementor-tab-title-9642\"><ul><li>French<\/li><li>English<\/li><li>Spanish<\/li><li>Italian<\/li><\/ul><\/div>\n\t\t\t\t<\/div>\n\t\t\t\t\t\t\t<div class=\"elementor-accordion-item\">\n\t\t\t\t\t<div id=\"elementor-tab-title-9643\" class=\"elementor-tab-title\" data-tab=\"3\" role=\"button\" aria-controls=\"elementor-tab-content-9643\" aria-expanded=\"false\">\n\t\t\t\t\t\t\t\t\t\t\t\t\t<span class=\"elementor-accordion-icon elementor-accordion-icon-left\" aria-hidden=\"true\">\n\t\t\t\t\t\t\t\t\t\t\t\t\t\t\t<span class=\"elementor-accordion-icon-closed\"><i class=\"fas fa-chevron-down\"><\/i><\/span>\n\t\t\t\t\t\t\t\t<span class=\"elementor-accordion-icon-opened\"><i class=\"fas fa-minus\"><\/i><\/span>\n\t\t\t\t\t\t\t\t\t\t\t\t\t\t<\/span>\n\t\t\t\t\t\t\t\t\t\t\t\t<a class=\"elementor-accordion-title\" tabindex=\"0\">Education<\/a>\n\t\t\t\t\t<\/div>\n\t\t\t\t\t<div id=\"elementor-tab-content-9643\" class=\"elementor-tab-content elementor-clearfix\" data-tab=\"3\" role=\"region\" aria-labelledby=\"elementor-tab-title-9643\"><ul><li><span style=\"color: #e8490f;\">Master 2 in Arbitration and International Business Law (MACI) <span style=\"color: #999999;\">University of Versailles \u2013 Paris Saclay<\/span><\/span>\u00a0<span style=\"color: #999999;\">&#8211; 2020 &#8211; <\/span>With Honours<\/li><li><span style=\"color: #e8490f;\">Master 1 in International Business Law <span style=\"color: #999999;\">University of Paris I Panth\u00e9on-Sorbonne <\/span><\/span>\u00a0<span style=\"color: #999999;\">&#8211; 2019\u00a0<\/span><\/li><li><span style=\"color: #e8490f;\">Bachelor of International and European Law <span style=\"color: #999999;\">Catholic University of Lille <\/span><\/span><span style=\"color: #999999;\">&#8211; 2018 &#8211; <\/span>With Honours<\/li><\/ul><\/div>\n\t\t\t\t<\/div>\n\t\t\t\t\t\t\t\t<\/div>\n\t\t\t\t<\/div>\n\t\t\t\t<\/div>\n\t\t\t\t<div class=\"elementor-element elementor-element-5943d829 elementor-widget elementor-widget-spacer\" data-id=\"5943d829\" data-element_type=\"widget\" data-widget_type=\"spacer.default\">\n\t\t\t\t<div class=\"elementor-widget-container\">\n\t\t\t\t\t<div class=\"elementor-spacer\">\n\t\t\t<div class=\"elementor-spacer-inner\"><\/div>\n\t\t<\/div>\n\t\t\t\t<\/div>\n\t\t\t\t<\/div>\n\t\t\t\t<div class=\"elementor-element elementor-element-7b159449 elementor-mobile-align-center elementor-invisible elementor-widget elementor-widget-button\" data-id=\"7b159449\" data-element_type=\"widget\" data-settings=\"{&quot;_animation&quot;:&quot;fadeInLeft&quot;,&quot;_animation_delay&quot;:800}\" data-widget_type=\"button.default\">\n\t\t\t\t<div class=\"elementor-widget-container\">\n\t\t\t\t\t\t\t<div class=\"elementor-button-wrapper\">\n\t\t\t\t\t<a class=\"elementor-button elementor-button-link elementor-size-sm\" href=\"mailto:sofia.gaspari@teynier.com\">\n\t\t\t\t\t\t<span class=\"elementor-button-content-wrapper\">\n\t\t\t\t\t\t<span class=\"elementor-button-icon\">\n\t\t\t\t<i aria-hidden=\"true\" class=\"icon icon-arrow-right\"><\/i>\t\t\t<\/span>\n\t\t\t\t\t\t\t\t\t<span class=\"elementor-button-text\">Contact<\/span>\n\t\t\t\t\t<\/span>\n\t\t\t\t\t<\/a>\n\t\t\t\t<\/div>\n\t\t\t\t\t\t<\/div>\n\t\t\t\t<\/div>\n\t\t\t\t<div class=\"elementor-element elementor-element-502631ac elementor-widget elementor-widget-spacer\" data-id=\"502631ac\" data-element_type=\"widget\" data-widget_type=\"spacer.default\">\n\t\t\t\t<div class=\"elementor-widget-container\">\n\t\t\t\t\t<div class=\"elementor-spacer\">\n\t\t\t<div class=\"elementor-spacer-inner\"><\/div>\n\t\t<\/div>\n\t\t\t\t<\/div>\n\t\t\t\t<\/div>\n\t\t\t\t<div class=\"elementor-element elementor-element-2d651c44 elementor-position-left elementor-mobile-position-left elementor-vertical-align-middle elementor-view-default elementor-widget elementor-widget-icon-box\" data-id=\"2d651c44\" data-element_type=\"widget\" data-widget_type=\"icon-box.default\">\n\t\t\t\t<div class=\"elementor-widget-container\">\n\t\t\t\t\t<div class=\"elementor-icon-box-wrapper\">\n\n\t\t\t\t\t\t<div class=\"elementor-icon-box-icon\">\n\t\t\t\t<a href=\"https:\/\/www.teynier.fr\/en\/team\/\" class=\"elementor-icon elementor-animation-\" tabindex=\"-1\">\n\t\t\t\t<i aria-hidden=\"true\" class=\"fas fa-chevron-left\"><\/i>\t\t\t\t<\/a>\n\t\t\t<\/div>\n\t\t\t\n\t\t\t\t\t\t<div class=\"elementor-icon-box-content\">\n\n\t\t\t\t\t\t\t\t\t<h3 class=\"elementor-icon-box-title\">\n\t\t\t\t\t\t<a href=\"https:\/\/www.teynier.fr\/en\/team\/\" >\n\t\t\t\t\t\t\tRETOUR\t\t\t\t\t\t<\/a>\n\t\t\t\t\t<\/h3>\n\t\t\t\t\n\t\t\t\t\n\t\t\t<\/div>\n\t\t\t\n\t\t<\/div>\n\t\t\t\t<\/div>\n\t\t\t\t<\/div>\n\t\t\t\t<div class=\"elementor-element elementor-element-538a74b4 elementor-widget elementor-widget-spacer\" data-id=\"538a74b4\" data-element_type=\"widget\" data-widget_type=\"spacer.default\">\n\t\t\t\t<div class=\"elementor-widget-container\">\n\t\t\t\t\t<div class=\"elementor-spacer\">\n\t\t\t<div class=\"elementor-spacer-inner\"><\/div>\n\t\t<\/div>\n\t\t\t\t<\/div>\n\t\t\t\t<\/div>\n\t\t\t\t\t<\/div>\n\t\t<\/div>\n\t\t\t\t\t<\/div>\n\t\t<\/section>\n\t\t\t\t\t<\/div>\n\t\t<\/div>\n\t\t\t\t<div class=\"elementor-column elementor-col-50 elementor-top-column elementor-element elementor-element-7e76af23 elementor-invisible\" data-id=\"7e76af23\" data-element_type=\"column\" data-settings=\"{&quot;background_background&quot;:&quot;classic&quot;,&quot;animation&quot;:&quot;fadeInRight&quot;}\">\n\t\t\t<div class=\"elementor-widget-wrap elementor-element-populated\">\n\t\t\t\t\t\t<div class=\"elementor-element elementor-element-3da9aae elementor-widget elementor-widget-image\" data-id=\"3da9aae\" data-element_type=\"widget\" data-widget_type=\"image.default\">\n\t\t\t\t<div class=\"elementor-widget-container\">\n\t\t\t\t\t\t\t\t\t\t\t\t\t<img fetchpriority=\"high\" decoding=\"async\" width=\"751\" height=\"1000\" src=\"https:\/\/www.teynier.fr\/wp-content\/uploads\/2025\/05\/SOFIA-GASPARI-1.webp\" class=\"attachment-full size-full wp-image-23378\" alt=\"\" srcset=\"https:\/\/www.teynier.fr\/wp-content\/uploads\/2025\/05\/SOFIA-GASPARI-1.webp 751w, https:\/\/www.teynier.fr\/wp-content\/uploads\/2025\/05\/SOFIA-GASPARI-1-225x300.webp 225w\" sizes=\"(max-width: 751px) 100vw, 751px\" \/>\t\t\t\t\t\t\t\t\t\t\t\t\t<\/div>\n\t\t\t\t<\/div>\n\t\t\t\t\t<\/div>\n\t\t<\/div>\n\t\t\t\t\t<\/div>\n\t\t<\/section>\n\t\t\t\t<\/div>\n\t\t","protected":false},"excerpt":{"rendered":"<p>Sof\u00eda GASPARI Associate Direct line: +33 (0)1 85 61 06 38 sofia.gaspari@teynier.com Linkedin Admitted to the Paris Bar, Sof\u00eda Gaspari\u2019s practice focuses on international arbitration and litigation. In both commercial and investment arbitration, she acts as counsel in institutional or ad hoc proceedings in a variety of business sectors. Sof\u00eda also acts in commercial and [&hellip;]<\/p>\n","protected":false},"author":1,"featured_media":23380,"parent":17485,"menu_order":16,"comment_status":"closed","ping_status":"closed","template":"","meta":{"footnotes":""},"categories":[192],"tags":[],"class_list":["post-23409","page","type-page","status-publish","has-post-thumbnail","hentry","category-associates-en"],"yoast_head":"<!-- This site is optimized with the Yoast SEO plugin v25.6 - https:\/\/yoast.com\/wordpress\/plugins\/seo\/ -->\n<title>SOF\u00cdA GASPARI Associate - TEYNIER PIC<\/title>\n<meta name=\"robots\" content=\"index, follow, max-snippet:-1, max-image-preview:large, max-video-preview:-1\" \/>\n<link rel=\"canonical\" href=\"https:\/\/www.teynier.fr\/equipe\/sofia-gaspari-collaboratrice\/\" \/>\n<meta property=\"og:locale\" content=\"en_US\" \/>\n<meta property=\"og:type\" content=\"article\" \/>\n<meta property=\"og:title\" content=\"SOF\u00cdA GASPARI Associate - TEYNIER PIC\" \/>\n<meta property=\"og:description\" content=\"Sof\u00eda GASPARI Associate Direct line: +33 (0)1 85 61 06 38 sofia.gaspari@teynier.com Linkedin Admitted to the Paris Bar, Sof\u00eda Gaspari\u2019s practice focuses on international arbitration and litigation. In both commercial and investment arbitration, she acts as counsel in institutional or ad hoc proceedings in a variety of business sectors. Sof\u00eda also acts in commercial and [&hellip;]\" \/>\n<meta property=\"og:url\" content=\"https:\/\/www.teynier.fr\/equipe\/sofia-gaspari-collaboratrice\/\" \/>\n<meta property=\"og:site_name\" content=\"TEYNIER PIC\" \/>\n<meta property=\"article:modified_time\" content=\"2025-08-07T13:28:59+00:00\" \/>\n<meta property=\"og:image\" content=\"https:\/\/www.teynier.fr\/wp-content\/uploads\/2025\/05\/SOFIA-GASPARI-2.webp\" \/>\n\t<meta property=\"og:image:width\" content=\"751\" \/>\n\t<meta property=\"og:image:height\" content=\"1000\" \/>\n\t<meta property=\"og:image:type\" content=\"image\/webp\" \/>\n<meta name=\"twitter:card\" content=\"summary_large_image\" \/>\n<meta name=\"twitter:label1\" content=\"Est. reading time\" \/>\n\t<meta name=\"twitter:data1\" content=\"2 minutes\" \/>\n<script type=\"application\/ld+json\" class=\"yoast-schema-graph\">{\"@context\":\"https:\/\/schema.org\",\"@graph\":[{\"@type\":\"WebPage\",\"@id\":\"https:\/\/www.teynier.fr\/equipe\/sofia-gaspari-collaboratrice\/\",\"url\":\"https:\/\/www.teynier.fr\/equipe\/sofia-gaspari-collaboratrice\/\",\"name\":\"SOF\u00cdA GASPARI Associate - TEYNIER PIC\",\"isPartOf\":{\"@id\":\"https:\/\/www.teynier.fr\/#website\"},\"primaryImageOfPage\":{\"@id\":\"https:\/\/www.teynier.fr\/equipe\/sofia-gaspari-collaboratrice\/#primaryimage\"},\"image\":{\"@id\":\"https:\/\/www.teynier.fr\/equipe\/sofia-gaspari-collaboratrice\/#primaryimage\"},\"thumbnailUrl\":\"https:\/\/www.teynier.fr\/wp-content\/uploads\/2025\/05\/SOFIA-GASPARI-2.webp\",\"datePublished\":\"2025-05-20T13:11:44+00:00\",\"dateModified\":\"2025-08-07T13:28:59+00:00\",\"breadcrumb\":{\"@id\":\"https:\/\/www.teynier.fr\/equipe\/sofia-gaspari-collaboratrice\/#breadcrumb\"},\"inLanguage\":\"en-US\",\"potentialAction\":[{\"@type\":\"ReadAction\",\"target\":[\"https:\/\/www.teynier.fr\/equipe\/sofia-gaspari-collaboratrice\/\"]}]},{\"@type\":\"ImageObject\",\"inLanguage\":\"en-US\",\"@id\":\"https:\/\/www.teynier.fr\/equipe\/sofia-gaspari-collaboratrice\/#primaryimage\",\"url\":\"https:\/\/www.teynier.fr\/wp-content\/uploads\/2025\/05\/SOFIA-GASPARI-2.webp\",\"contentUrl\":\"https:\/\/www.teynier.fr\/wp-content\/uploads\/2025\/05\/SOFIA-GASPARI-2.webp\",\"width\":751,\"height\":1000},{\"@type\":\"BreadcrumbList\",\"@id\":\"https:\/\/www.teynier.fr\/equipe\/sofia-gaspari-collaboratrice\/#breadcrumb\",\"itemListElement\":[{\"@type\":\"ListItem\",\"position\":1,\"name\":\"Accueil\",\"item\":\"https:\/\/www.teynier.fr\/\"},{\"@type\":\"ListItem\",\"position\":2,\"name\":\"TEAM\",\"item\":\"https:\/\/www.teynier.fr\/en\/team\/\"},{\"@type\":\"ListItem\",\"position\":3,\"name\":\"SOF\u00cdA GASPARI Associate\"}]},{\"@type\":\"WebSite\",\"@id\":\"https:\/\/www.teynier.fr\/#website\",\"url\":\"https:\/\/www.teynier.fr\/\",\"name\":\"TEYNIER PIC\",\"description\":\"Dispute Resolution Boutique\",\"publisher\":{\"@id\":\"https:\/\/www.teynier.fr\/#organization\"},\"potentialAction\":[{\"@type\":\"SearchAction\",\"target\":{\"@type\":\"EntryPoint\",\"urlTemplate\":\"https:\/\/www.teynier.fr\/?s={search_term_string}\"},\"query-input\":{\"@type\":\"PropertyValueSpecification\",\"valueRequired\":true,\"valueName\":\"search_term_string\"}}],\"inLanguage\":\"en-US\"},{\"@type\":\"Organization\",\"@id\":\"https:\/\/www.teynier.fr\/#organization\",\"name\":\"TEYNIER PIC\",\"url\":\"https:\/\/www.teynier.fr\/\",\"logo\":{\"@type\":\"ImageObject\",\"inLanguage\":\"en-US\",\"@id\":\"https:\/\/www.teynier.fr\/#\/schema\/logo\/image\/\",\"url\":\"https:\/\/www.teynier.fr\/wp-content\/uploads\/2022\/06\/teynier-pic.png\",\"contentUrl\":\"https:\/\/www.teynier.fr\/wp-content\/uploads\/2022\/06\/teynier-pic.png\",\"width\":500,\"height\":120,\"caption\":\"TEYNIER PIC\"},\"image\":{\"@id\":\"https:\/\/www.teynier.fr\/#\/schema\/logo\/image\/\"},\"sameAs\":[\"https:\/\/www.linkedin.com\/company\/teynier-pic\/\"]}]}<\/script>\n<!-- \/ Yoast SEO plugin. -->","yoast_head_json":{"title":"SOF\u00cdA GASPARI Associate - TEYNIER PIC","robots":{"index":"index","follow":"follow","max-snippet":"max-snippet:-1","max-image-preview":"max-image-preview:large","max-video-preview":"max-video-preview:-1"},"canonical":"https:\/\/www.teynier.fr\/equipe\/sofia-gaspari-collaboratrice\/","og_locale":"en_US","og_type":"article","og_title":"SOF\u00cdA GASPARI Associate - TEYNIER PIC","og_description":"Sof\u00eda GASPARI Associate Direct line: +33 (0)1 85 61 06 38 sofia.gaspari@teynier.com Linkedin Admitted to the Paris Bar, Sof\u00eda Gaspari\u2019s practice focuses on international arbitration and litigation. In both commercial and investment arbitration, she acts as counsel in institutional or ad hoc proceedings in a variety of business sectors. Sof\u00eda also acts in commercial and [&hellip;]","og_url":"https:\/\/www.teynier.fr\/equipe\/sofia-gaspari-collaboratrice\/","og_site_name":"TEYNIER PIC","article_modified_time":"2025-08-07T13:28:59+00:00","og_image":[{"width":751,"height":1000,"url":"https:\/\/www.teynier.fr\/wp-content\/uploads\/2025\/05\/SOFIA-GASPARI-2.webp","type":"image\/webp"}],"twitter_card":"summary_large_image","twitter_misc":{"Est. reading time":"2 minutes"},"schema":{"@context":"https:\/\/schema.org","@graph":[{"@type":"WebPage","@id":"https:\/\/www.teynier.fr\/equipe\/sofia-gaspari-collaboratrice\/","url":"https:\/\/www.teynier.fr\/equipe\/sofia-gaspari-collaboratrice\/","name":"SOF\u00cdA GASPARI Associate - TEYNIER PIC","isPartOf":{"@id":"https:\/\/www.teynier.fr\/#website"},"primaryImageOfPage":{"@id":"https:\/\/www.teynier.fr\/equipe\/sofia-gaspari-collaboratrice\/#primaryimage"},"image":{"@id":"https:\/\/www.teynier.fr\/equipe\/sofia-gaspari-collaboratrice\/#primaryimage"},"thumbnailUrl":"https:\/\/www.teynier.fr\/wp-content\/uploads\/2025\/05\/SOFIA-GASPARI-2.webp","datePublished":"2025-05-20T13:11:44+00:00","dateModified":"2025-08-07T13:28:59+00:00","breadcrumb":{"@id":"https:\/\/www.teynier.fr\/equipe\/sofia-gaspari-collaboratrice\/#breadcrumb"},"inLanguage":"en-US","potentialAction":[{"@type":"ReadAction","target":["https:\/\/www.teynier.fr\/equipe\/sofia-gaspari-collaboratrice\/"]}]},{"@type":"ImageObject","inLanguage":"en-US","@id":"https:\/\/www.teynier.fr\/equipe\/sofia-gaspari-collaboratrice\/#primaryimage","url":"https:\/\/www.teynier.fr\/wp-content\/uploads\/2025\/05\/SOFIA-GASPARI-2.webp","contentUrl":"https:\/\/www.teynier.fr\/wp-content\/uploads\/2025\/05\/SOFIA-GASPARI-2.webp","width":751,"height":1000},{"@type":"BreadcrumbList","@id":"https:\/\/www.teynier.fr\/equipe\/sofia-gaspari-collaboratrice\/#breadcrumb","itemListElement":[{"@type":"ListItem","position":1,"name":"Accueil","item":"https:\/\/www.teynier.fr\/"},{"@type":"ListItem","position":2,"name":"TEAM","item":"https:\/\/www.teynier.fr\/en\/team\/"},{"@type":"ListItem","position":3,"name":"SOF\u00cdA GASPARI Associate"}]},{"@type":"WebSite","@id":"https:\/\/www.teynier.fr\/#website","url":"https:\/\/www.teynier.fr\/","name":"TEYNIER PIC","description":"Dispute Resolution Boutique","publisher":{"@id":"https:\/\/www.teynier.fr\/#organization"},"potentialAction":[{"@type":"SearchAction","target":{"@type":"EntryPoint","urlTemplate":"https:\/\/www.teynier.fr\/?s={search_term_string}"},"query-input":{"@type":"PropertyValueSpecification","valueRequired":true,"valueName":"search_term_string"}}],"inLanguage":"en-US"},{"@type":"Organization","@id":"https:\/\/www.teynier.fr\/#organization","name":"TEYNIER PIC","url":"https:\/\/www.teynier.fr\/","logo":{"@type":"ImageObject","inLanguage":"en-US","@id":"https:\/\/www.teynier.fr\/#\/schema\/logo\/image\/","url":"https:\/\/www.teynier.fr\/wp-content\/uploads\/2022\/06\/teynier-pic.png","contentUrl":"https:\/\/www.teynier.fr\/wp-content\/uploads\/2022\/06\/teynier-pic.png","width":500,"height":120,"caption":"TEYNIER PIC"},"image":{"@id":"https:\/\/www.teynier.fr\/#\/schema\/logo\/image\/"},"sameAs":["https:\/\/www.linkedin.com\/company\/teynier-pic\/"]}]}},"_links":{"self":[{"href":"https:\/\/www.teynier.fr\/en\/wp-json\/wp\/v2\/pages\/23409","targetHints":{"allow":["GET"]}}],"collection":[{"href":"https:\/\/www.teynier.fr\/en\/wp-json\/wp\/v2\/pages"}],"about":[{"href":"https:\/\/www.teynier.fr\/en\/wp-json\/wp\/v2\/types\/page"}],"author":[{"embeddable":true,"href":"https:\/\/www.teynier.fr\/en\/wp-json\/wp\/v2\/users\/1"}],"replies":[{"embeddable":true,"href":"https:\/\/www.teynier.fr\/en\/wp-json\/wp\/v2\/comments?post=23409"}],"version-history":[{"count":12,"href":"https:\/\/www.teynier.fr\/en\/wp-json\/wp\/v2\/pages\/23409\/revisions"}],"predecessor-version":[{"id":23624,"href":"https:\/\/www.teynier.fr\/en\/wp-json\/wp\/v2\/pages\/23409\/revisions\/23624"}],"up":[{"embeddable":true,"href":"https:\/\/www.teynier.fr\/en\/wp-json\/wp\/v2\/pages\/17485"}],"wp:featuredmedia":[{"embeddable":true,"href":"https:\/\/www.teynier.fr\/en\/wp-json\/wp\/v2\/media\/23380"}],"wp:attachment":[{"href":"https:\/\/www.teynier.fr\/en\/wp-json\/wp\/v2\/media?parent=23409"}],"wp:term":[{"taxonomy":"category","embeddable":true,"href":"https:\/\/www.teynier.fr\/en\/wp-json\/wp\/v2\/categories?post=23409"},{"taxonomy":"post_tag","embeddable":true,"href":"https:\/\/www.teynier.fr\/en\/wp-json\/wp\/v2\/tags?post=23409"}],"curies":[{"name":"wp","href":"https:\/\/api.w.org\/{rel}","templated":true}]}}