{"id":23808,"date":"2025-10-30T17:07:41","date_gmt":"2025-10-30T16:07:41","guid":{"rendered":"https:\/\/www.teynier.fr\/team\/corentin-boyssou-collaborateur-2\/"},"modified":"2025-10-31T14:49:06","modified_gmt":"2025-10-31T13:49:06","slug":"corentin-boyssou-collaborateur-2","status":"publish","type":"page","link":"https:\/\/www.teynier.fr\/en\/team\/corentin-boyssou-collaborateur-2\/","title":{"rendered":"CORENTIN BOYSSOU Collaborateur"},"content":{"rendered":"\t\t<div data-elementor-type=\"wp-page\" data-elementor-id=\"23808\" class=\"elementor elementor-23808 elementor-23789\" data-elementor-post-type=\"page\">\n\t\t\t\t\t\t<section class=\"elementor-section elementor-top-section elementor-element elementor-element-6ff0030b elementor-section-full_width elementor-section-stretched elementor-reverse-mobile elementor-reverse-tablet elementor-section-height-default elementor-section-height-default\" data-id=\"6ff0030b\" data-element_type=\"section\" data-settings=\"{&quot;stretch_section&quot;:&quot;section-stretched&quot;}\">\n\t\t\t\t\t\t<div class=\"elementor-container elementor-column-gap-default\">\n\t\t\t\t\t<div class=\"elementor-column elementor-col-50 elementor-top-column elementor-element elementor-element-3ed58389\" data-id=\"3ed58389\" data-element_type=\"column\">\n\t\t\t<div class=\"elementor-widget-wrap elementor-element-populated\">\n\t\t\t\t\t\t<section class=\"elementor-section elementor-inner-section elementor-element elementor-element-120139c7 elementor-section-height-min-height elementor-section-boxed elementor-section-height-default elementor-invisible\" data-id=\"120139c7\" data-element_type=\"section\" data-settings=\"{&quot;animation&quot;:&quot;fadeIn&quot;}\">\n\t\t\t\t\t\t<div class=\"elementor-container elementor-column-gap-default\">\n\t\t\t\t\t<div class=\"elementor-column elementor-col-100 elementor-inner-column elementor-element elementor-element-39133387\" data-id=\"39133387\" data-element_type=\"column\">\n\t\t\t<div class=\"elementor-widget-wrap elementor-element-populated\">\n\t\t\t\t\t\t<div class=\"elementor-element elementor-element-7d1fea11 elementor-invisible elementor-widget elementor-widget-heading\" data-id=\"7d1fea11\" data-element_type=\"widget\" data-settings=\"{&quot;_animation&quot;:&quot;fadeInLeft&quot;}\" data-widget_type=\"heading.default\">\n\t\t\t\t<div class=\"elementor-widget-container\">\n\t\t\t<h2 class=\"elementor-heading-title elementor-size-default\">Corentin BOYSSOU<\/h2>\t\t<\/div>\n\t\t\t\t<\/div>\n\t\t\t\t<div class=\"elementor-element elementor-element-450855b0 elementor-invisible elementor-widget elementor-widget-heading\" data-id=\"450855b0\" data-element_type=\"widget\" data-settings=\"{&quot;_animation&quot;:&quot;fadeInLeft&quot;,&quot;_animation_delay&quot;:200}\" data-widget_type=\"heading.default\">\n\t\t\t\t<div class=\"elementor-widget-container\">\n\t\t\t<h5 class=\"elementor-heading-title elementor-size-default\">Associate<\/h5>\t\t<\/div>\n\t\t\t\t<\/div>\n\t\t\t\t<div class=\"elementor-element elementor-element-41c7c28c elementor-icon-list--layout-traditional elementor-list-item-link-full_width elementor-invisible elementor-widget elementor-widget-icon-list\" data-id=\"41c7c28c\" data-element_type=\"widget\" data-settings=\"{&quot;_animation&quot;:&quot;fadeInLeft&quot;,&quot;_animation_delay&quot;:400}\" data-widget_type=\"icon-list.default\">\n\t\t\t\t<div class=\"elementor-widget-container\">\n\t\t\t\t\t<ul class=\"elementor-icon-list-items\">\n\t\t\t\t\t\t\t<li class=\"elementor-icon-list-item\">\n\t\t\t\t\t\t\t\t\t\t\t<span class=\"elementor-icon-list-icon\">\n\t\t\t\t\t\t\t<i aria-hidden=\"true\" class=\"fas fa-phone-alt\"><\/i>\t\t\t\t\t\t<\/span>\n\t\t\t\t\t\t\t\t\t\t<span class=\"elementor-icon-list-text\">Direct line : +33 (0)1 53 45 97 58 <\/span>\n\t\t\t\t\t\t\t\t\t<\/li>\n\t\t\t\t\t\t\t\t<li class=\"elementor-icon-list-item\">\n\t\t\t\t\t\t\t\t\t\t\t<a href=\"mailto:corentin.boyssou@teynier.com\">\n\n\t\t\t\t\t\t\t\t\t\t\t\t<span class=\"elementor-icon-list-icon\">\n\t\t\t\t\t\t\t<i aria-hidden=\"true\" class=\"fas fa-envelope\"><\/i>\t\t\t\t\t\t<\/span>\n\t\t\t\t\t\t\t\t\t\t<span class=\"elementor-icon-list-text\">corentin.boyssou@teynier.com<\/span>\n\t\t\t\t\t\t\t\t\t\t\t<\/a>\n\t\t\t\t\t\t\t\t\t<\/li>\n\t\t\t\t\t\t\t\t<li class=\"elementor-icon-list-item\">\n\t\t\t\t\t\t\t\t\t\t\t<a href=\"https:\/\/fr.linkedin.com\/in\/corentin-boyssou\" target=\"_blank\">\n\n\t\t\t\t\t\t\t\t\t\t\t\t<span class=\"elementor-icon-list-icon\">\n\t\t\t\t\t\t\t<i aria-hidden=\"true\" class=\"fab fa-linkedin-in\"><\/i>\t\t\t\t\t\t<\/span>\n\t\t\t\t\t\t\t\t\t\t<span class=\"elementor-icon-list-text\">Linkedin<\/span>\n\t\t\t\t\t\t\t\t\t\t\t<\/a>\n\t\t\t\t\t\t\t\t\t<\/li>\n\t\t\t\t\t\t<\/ul>\n\t\t\t\t<\/div>\n\t\t\t\t<\/div>\n\t\t\t\t<div class=\"elementor-element elementor-element-12d8a963 elementor-widget elementor-widget-text-editor\" data-id=\"12d8a963\" data-element_type=\"widget\" data-widget_type=\"text-editor.default\">\n\t\t\t\t<div class=\"elementor-widget-container\">\n\t\t\t\t\t\t\t<p class=\"p1\">Corentin focuses his practice on arbitration, and more generally, on dispute resolution.<\/p><p class=\"p1\">Corentin acts as counsel in institutional or <i>ad hoc<\/i> arbitration proceedings across industries such as energy, construction, insurance, logistics and distribution. He also acts before French courts in judicial proceedings relating to the recognition and enforcement of arbitral awards or foreign judgments, as well as in commercial litigation proceedings.<\/p><p class=\"p1\">Prior to joining Teynier Pic, Corentin served as a law clerk to the judges of the International Commercial Chamber of the Paris Court of Appeal, and to the judges of the 15<sup>th<\/sup> Chamber of the Paris Commercial Court.<\/p>\t\t\t\t\t\t<\/div>\n\t\t\t\t<\/div>\n\t\t\t\t<div class=\"elementor-element elementor-element-5c0630b elementor-invisible elementor-widget elementor-widget-accordion\" data-id=\"5c0630b\" data-element_type=\"widget\" data-settings=\"{&quot;_animation&quot;:&quot;fadeIn&quot;}\" data-widget_type=\"accordion.default\">\n\t\t\t\t<div class=\"elementor-widget-container\">\n\t\t\t\t\t<div class=\"elementor-accordion\">\n\t\t\t\t\t\t\t<div class=\"elementor-accordion-item\">\n\t\t\t\t\t<div id=\"elementor-tab-title-9641\" class=\"elementor-tab-title\" data-tab=\"1\" role=\"button\" aria-controls=\"elementor-tab-content-9641\" aria-expanded=\"false\">\n\t\t\t\t\t\t\t\t\t\t\t\t\t<span class=\"elementor-accordion-icon elementor-accordion-icon-left\" aria-hidden=\"true\">\n\t\t\t\t\t\t\t\t\t\t\t\t\t\t\t<span class=\"elementor-accordion-icon-closed\"><i class=\"fas fa-chevron-down\"><\/i><\/span>\n\t\t\t\t\t\t\t\t<span class=\"elementor-accordion-icon-opened\"><i class=\"fas fa-minus\"><\/i><\/span>\n\t\t\t\t\t\t\t\t\t\t\t\t\t\t<\/span>\n\t\t\t\t\t\t\t\t\t\t\t\t<a class=\"elementor-accordion-title\" tabindex=\"0\">Langues<\/a>\n\t\t\t\t\t<\/div>\n\t\t\t\t\t<div id=\"elementor-tab-content-9641\" class=\"elementor-tab-content elementor-clearfix\" data-tab=\"1\" role=\"region\" aria-labelledby=\"elementor-tab-title-9641\"><ul><li>French<\/li><li>English<\/li><\/ul><\/div>\n\t\t\t\t<\/div>\n\t\t\t\t\t\t\t<div class=\"elementor-accordion-item\">\n\t\t\t\t\t<div id=\"elementor-tab-title-9642\" class=\"elementor-tab-title\" data-tab=\"2\" role=\"button\" aria-controls=\"elementor-tab-content-9642\" aria-expanded=\"false\">\n\t\t\t\t\t\t\t\t\t\t\t\t\t<span class=\"elementor-accordion-icon elementor-accordion-icon-left\" aria-hidden=\"true\">\n\t\t\t\t\t\t\t\t\t\t\t\t\t\t\t<span class=\"elementor-accordion-icon-closed\"><i class=\"fas fa-chevron-down\"><\/i><\/span>\n\t\t\t\t\t\t\t\t<span class=\"elementor-accordion-icon-opened\"><i class=\"fas fa-minus\"><\/i><\/span>\n\t\t\t\t\t\t\t\t\t\t\t\t\t\t<\/span>\n\t\t\t\t\t\t\t\t\t\t\t\t<a class=\"elementor-accordion-title\" tabindex=\"0\">Formation<\/a>\n\t\t\t\t\t<\/div>\n\t\t\t\t\t<div id=\"elementor-tab-content-9642\" class=\"elementor-tab-content elementor-clearfix\" data-tab=\"2\" role=\"region\" aria-labelledby=\"elementor-tab-title-9642\"><ul><li><span style=\"color: #e8490f;\"><span style=\"color: #e8490f;\"><span style=\"color: #e8490f;\">Master 2 in Comparative Law <\/span><\/span><\/span><span style=\"color: #e8490f;\"><span style=\"color: #999999;\">Paris Panth\u00e9on-Assas University &#8211; 2024 <\/span><\/span>&#8211; <em>Cum Laude<\/em><\/li><li><span style=\"color: #e8490f;\"><span style=\"color: #e8490f;\"><span style=\"color: #e8490f;\">Master 2 in International and European Dispute Resolution <\/span><\/span><\/span><span style=\"color: #e8490f;\"><span style=\"color: #e8490f;\"><span style=\"color: #e8490f;\"><span style=\"color: #999999;\">Paris Nanterre University &#8211; 2022 <\/span><\/span><\/span><\/span>&#8211; <em>Valedictorian<\/em><\/li><li><span style=\"color: #e8490f;\"><span style=\"color: #e8490f;\"><span style=\"color: #e8490f;\"><span style=\"color: #e8490f;\">Graduate Certificate in Public International Law<br \/><\/span><\/span><\/span><\/span><span style=\"color: #999999;\"><span style=\"color: #999999;\">Paris Panth\u00e9on-Assas University <\/span><\/span><span style=\"color: #999999;\">&#8211; 2021<\/span><\/li><\/ul><\/div>\n\t\t\t\t<\/div>\n\t\t\t\t\t\t\t<div class=\"elementor-accordion-item\">\n\t\t\t\t\t<div id=\"elementor-tab-title-9643\" class=\"elementor-tab-title\" data-tab=\"3\" role=\"button\" aria-controls=\"elementor-tab-content-9643\" aria-expanded=\"false\">\n\t\t\t\t\t\t\t\t\t\t\t\t\t<span class=\"elementor-accordion-icon elementor-accordion-icon-left\" aria-hidden=\"true\">\n\t\t\t\t\t\t\t\t\t\t\t\t\t\t\t<span class=\"elementor-accordion-icon-closed\"><i class=\"fas fa-chevron-down\"><\/i><\/span>\n\t\t\t\t\t\t\t\t<span class=\"elementor-accordion-icon-opened\"><i class=\"fas fa-minus\"><\/i><\/span>\n\t\t\t\t\t\t\t\t\t\t\t\t\t\t<\/span>\n\t\t\t\t\t\t\t\t\t\t\t\t<a class=\"elementor-accordion-title\" tabindex=\"0\">Associations<\/a>\n\t\t\t\t\t<\/div>\n\t\t\t\t\t<div id=\"elementor-tab-content-9643\" class=\"elementor-tab-content elementor-clearfix\" data-tab=\"3\" role=\"region\" aria-labelledby=\"elementor-tab-title-9643\"><ul class=\"ul1\"><li class=\"li1\"><span class=\"s1\">Member of the <i>Soci\u00e9t\u00e9 de L\u00e9gislation Compar\u00e9e<\/i><\/span><\/li><li class=\"li1\"><span class=\"s1\">Member of ICC Young Arbitration and ADR Forum (YAAF)<\/span><\/li><li class=\"li1\"><span class=\"s1\">Member of Young ICCA (International Council for Commercial Arbitration)<\/span><\/li><\/ul><\/div>\n\t\t\t\t<\/div>\n\t\t\t\t\t\t\t\t<\/div>\n\t\t\t\t<\/div>\n\t\t\t\t<\/div>\n\t\t\t\t<div class=\"elementor-element elementor-element-5943d829 elementor-widget elementor-widget-spacer\" data-id=\"5943d829\" data-element_type=\"widget\" data-widget_type=\"spacer.default\">\n\t\t\t\t<div class=\"elementor-widget-container\">\n\t\t\t\t\t<div class=\"elementor-spacer\">\n\t\t\t<div class=\"elementor-spacer-inner\"><\/div>\n\t\t<\/div>\n\t\t\t\t<\/div>\n\t\t\t\t<\/div>\n\t\t\t\t<div class=\"elementor-element elementor-element-7b159449 elementor-mobile-align-center elementor-invisible elementor-widget elementor-widget-button\" data-id=\"7b159449\" data-element_type=\"widget\" data-settings=\"{&quot;_animation&quot;:&quot;fadeInLeft&quot;,&quot;_animation_delay&quot;:800}\" data-widget_type=\"button.default\">\n\t\t\t\t<div class=\"elementor-widget-container\">\n\t\t\t\t\t\t\t<div class=\"elementor-button-wrapper\">\n\t\t\t\t\t<a class=\"elementor-button elementor-button-link elementor-size-sm\" href=\"mailto:corentin.boyssou@teynier.com\">\n\t\t\t\t\t\t<span class=\"elementor-button-content-wrapper\">\n\t\t\t\t\t\t<span class=\"elementor-button-icon\">\n\t\t\t\t<i aria-hidden=\"true\" class=\"icon icon-arrow-right\"><\/i>\t\t\t<\/span>\n\t\t\t\t\t\t\t\t\t<span class=\"elementor-button-text\">Contact<\/span>\n\t\t\t\t\t<\/span>\n\t\t\t\t\t<\/a>\n\t\t\t\t<\/div>\n\t\t\t\t\t\t<\/div>\n\t\t\t\t<\/div>\n\t\t\t\t<div class=\"elementor-element elementor-element-502631ac elementor-widget elementor-widget-spacer\" data-id=\"502631ac\" data-element_type=\"widget\" data-widget_type=\"spacer.default\">\n\t\t\t\t<div class=\"elementor-widget-container\">\n\t\t\t\t\t<div class=\"elementor-spacer\">\n\t\t\t<div class=\"elementor-spacer-inner\"><\/div>\n\t\t<\/div>\n\t\t\t\t<\/div>\n\t\t\t\t<\/div>\n\t\t\t\t<div class=\"elementor-element elementor-element-2d651c44 elementor-position-left elementor-mobile-position-left elementor-vertical-align-middle elementor-view-default elementor-widget elementor-widget-icon-box\" data-id=\"2d651c44\" data-element_type=\"widget\" data-widget_type=\"icon-box.default\">\n\t\t\t\t<div class=\"elementor-widget-container\">\n\t\t\t\t\t<div class=\"elementor-icon-box-wrapper\">\n\n\t\t\t\t\t\t<div class=\"elementor-icon-box-icon\">\n\t\t\t\t<a href=\"https:\/\/www.teynier.fr\/en\/team\/\" class=\"elementor-icon elementor-animation-\" tabindex=\"-1\">\n\t\t\t\t<i aria-hidden=\"true\" class=\"fas fa-chevron-left\"><\/i>\t\t\t\t<\/a>\n\t\t\t<\/div>\n\t\t\t\n\t\t\t\t\t\t<div class=\"elementor-icon-box-content\">\n\n\t\t\t\t\t\t\t\t\t<h3 class=\"elementor-icon-box-title\">\n\t\t\t\t\t\t<a href=\"https:\/\/www.teynier.fr\/en\/team\/\" >\n\t\t\t\t\t\t\tBACK\t\t\t\t\t\t<\/a>\n\t\t\t\t\t<\/h3>\n\t\t\t\t\n\t\t\t\t\n\t\t\t<\/div>\n\t\t\t\n\t\t<\/div>\n\t\t\t\t<\/div>\n\t\t\t\t<\/div>\n\t\t\t\t<div class=\"elementor-element elementor-element-538a74b4 elementor-widget elementor-widget-spacer\" data-id=\"538a74b4\" data-element_type=\"widget\" data-widget_type=\"spacer.default\">\n\t\t\t\t<div class=\"elementor-widget-container\">\n\t\t\t\t\t<div class=\"elementor-spacer\">\n\t\t\t<div class=\"elementor-spacer-inner\"><\/div>\n\t\t<\/div>\n\t\t\t\t<\/div>\n\t\t\t\t<\/div>\n\t\t\t\t\t<\/div>\n\t\t<\/div>\n\t\t\t\t\t<\/div>\n\t\t<\/section>\n\t\t\t\t\t<\/div>\n\t\t<\/div>\n\t\t\t\t<div class=\"elementor-column elementor-col-50 elementor-top-column elementor-element elementor-element-7e76af23 elementor-invisible\" data-id=\"7e76af23\" data-element_type=\"column\" data-settings=\"{&quot;background_background&quot;:&quot;classic&quot;,&quot;animation&quot;:&quot;fadeInRight&quot;}\">\n\t\t\t<div class=\"elementor-widget-wrap elementor-element-populated\">\n\t\t\t\t\t\t<div class=\"elementor-element elementor-element-3da9aae elementor-widget elementor-widget-image\" data-id=\"3da9aae\" data-element_type=\"widget\" data-widget_type=\"image.default\">\n\t\t\t\t<div class=\"elementor-widget-container\">\n\t\t\t\t\t\t\t\t\t\t\t\t\t<img fetchpriority=\"high\" decoding=\"async\" width=\"1707\" height=\"2560\" src=\"https:\/\/www.teynier.fr\/wp-content\/uploads\/2025\/10\/TEYNIER_PIC_JUIN_CORENTIN_BOYSSOU-1_pleinformat-scaled.jpg\" class=\"attachment-full size-full wp-image-23785\" alt=\"\" srcset=\"https:\/\/www.teynier.fr\/wp-content\/uploads\/2025\/10\/TEYNIER_PIC_JUIN_CORENTIN_BOYSSOU-1_pleinformat-scaled.jpg 1707w, https:\/\/www.teynier.fr\/wp-content\/uploads\/2025\/10\/TEYNIER_PIC_JUIN_CORENTIN_BOYSSOU-1_pleinformat-200x300.jpg 200w, https:\/\/www.teynier.fr\/wp-content\/uploads\/2025\/10\/TEYNIER_PIC_JUIN_CORENTIN_BOYSSOU-1_pleinformat-683x1024.jpg 683w, https:\/\/www.teynier.fr\/wp-content\/uploads\/2025\/10\/TEYNIER_PIC_JUIN_CORENTIN_BOYSSOU-1_pleinformat-768x1152.jpg 768w, https:\/\/www.teynier.fr\/wp-content\/uploads\/2025\/10\/TEYNIER_PIC_JUIN_CORENTIN_BOYSSOU-1_pleinformat-1024x1536.jpg 1024w, https:\/\/www.teynier.fr\/wp-content\/uploads\/2025\/10\/TEYNIER_PIC_JUIN_CORENTIN_BOYSSOU-1_pleinformat-1366x2048.jpg 1366w, https:\/\/www.teynier.fr\/wp-content\/uploads\/2025\/10\/TEYNIER_PIC_JUIN_CORENTIN_BOYSSOU-1_pleinformat-1320x1979.jpg 1320w\" sizes=\"(max-width: 1707px) 100vw, 1707px\" \/>\t\t\t\t\t\t\t\t\t\t\t\t\t<\/div>\n\t\t\t\t<\/div>\n\t\t\t\t\t<\/div>\n\t\t<\/div>\n\t\t\t\t\t<\/div>\n\t\t<\/section>\n\t\t\t\t<\/div>\n\t\t","protected":false},"excerpt":{"rendered":"<p>Corentin BOYSSOU Associate Direct line : +33 (0)1 53 45 97 58 corentin.boyssou@teynier.com Linkedin Corentin focuses his practice on arbitration, and more generally, on dispute resolution. Corentin acts as counsel in institutional or ad hoc arbitration proceedings across industries such as energy, construction, insurance, logistics and distribution. He also acts before French courts in judicial [&hellip;]<\/p>\n","protected":false},"author":5,"featured_media":23787,"parent":17485,"menu_order":11,"comment_status":"closed","ping_status":"closed","template":"","meta":{"footnotes":""},"categories":[192],"tags":[],"class_list":["post-23808","page","type-page","status-publish","has-post-thumbnail","hentry","category-associates-en"],"yoast_head":"<!-- This site is optimized with the Yoast SEO plugin v25.6 - https:\/\/yoast.com\/wordpress\/plugins\/seo\/ -->\n<title>CORENTIN BOYSSOU Collaborateur - TEYNIER PIC<\/title>\n<meta name=\"robots\" content=\"index, follow, max-snippet:-1, max-image-preview:large, max-video-preview:-1\" \/>\n<link rel=\"canonical\" href=\"https:\/\/www.teynier.fr\/en\/team\/corentin-boyssou-collaborateur-2\/\" \/>\n<meta property=\"og:locale\" content=\"en_US\" \/>\n<meta property=\"og:type\" content=\"article\" \/>\n<meta property=\"og:title\" content=\"CORENTIN BOYSSOU Collaborateur - TEYNIER PIC\" \/>\n<meta property=\"og:description\" content=\"Corentin BOYSSOU Associate Direct line : +33 (0)1 53 45 97 58 corentin.boyssou@teynier.com Linkedin Corentin focuses his practice on arbitration, and more generally, on dispute resolution. Corentin acts as counsel in institutional or ad hoc arbitration proceedings across industries such as energy, construction, insurance, logistics and distribution. He also acts before French courts in judicial [&hellip;]\" \/>\n<meta property=\"og:url\" content=\"https:\/\/www.teynier.fr\/en\/team\/corentin-boyssou-collaborateur-2\/\" \/>\n<meta property=\"og:site_name\" content=\"TEYNIER PIC\" \/>\n<meta property=\"article:modified_time\" content=\"2025-10-31T13:49:06+00:00\" \/>\n<meta property=\"og:image\" content=\"https:\/\/www.teynier.fr\/wp-content\/uploads\/2025\/10\/TEYNIER_PIC_CORENTIN_BOYSSOU_2-.jpg\" \/>\n\t<meta property=\"og:image:width\" content=\"751\" \/>\n\t<meta property=\"og:image:height\" content=\"1000\" \/>\n\t<meta property=\"og:image:type\" content=\"image\/jpeg\" \/>\n<meta name=\"twitter:card\" content=\"summary_large_image\" \/>\n<meta name=\"twitter:label1\" content=\"Est. reading time\" \/>\n\t<meta name=\"twitter:data1\" content=\"1 minute\" \/>\n<script type=\"application\/ld+json\" class=\"yoast-schema-graph\">{\"@context\":\"https:\/\/schema.org\",\"@graph\":[{\"@type\":\"WebPage\",\"@id\":\"https:\/\/www.teynier.fr\/en\/team\/corentin-boyssou-collaborateur-2\/\",\"url\":\"https:\/\/www.teynier.fr\/en\/team\/corentin-boyssou-collaborateur-2\/\",\"name\":\"CORENTIN BOYSSOU Collaborateur - TEYNIER PIC\",\"isPartOf\":{\"@id\":\"https:\/\/www.teynier.fr\/#website\"},\"primaryImageOfPage\":{\"@id\":\"https:\/\/www.teynier.fr\/en\/team\/corentin-boyssou-collaborateur-2\/#primaryimage\"},\"image\":{\"@id\":\"https:\/\/www.teynier.fr\/en\/team\/corentin-boyssou-collaborateur-2\/#primaryimage\"},\"thumbnailUrl\":\"https:\/\/www.teynier.fr\/wp-content\/uploads\/2025\/10\/TEYNIER_PIC_CORENTIN_BOYSSOU_2-.jpg\",\"datePublished\":\"2025-10-30T16:07:41+00:00\",\"dateModified\":\"2025-10-31T13:49:06+00:00\",\"breadcrumb\":{\"@id\":\"https:\/\/www.teynier.fr\/en\/team\/corentin-boyssou-collaborateur-2\/#breadcrumb\"},\"inLanguage\":\"en-US\",\"potentialAction\":[{\"@type\":\"ReadAction\",\"target\":[\"https:\/\/www.teynier.fr\/en\/team\/corentin-boyssou-collaborateur-2\/\"]}]},{\"@type\":\"ImageObject\",\"inLanguage\":\"en-US\",\"@id\":\"https:\/\/www.teynier.fr\/en\/team\/corentin-boyssou-collaborateur-2\/#primaryimage\",\"url\":\"https:\/\/www.teynier.fr\/wp-content\/uploads\/2025\/10\/TEYNIER_PIC_CORENTIN_BOYSSOU_2-.jpg\",\"contentUrl\":\"https:\/\/www.teynier.fr\/wp-content\/uploads\/2025\/10\/TEYNIER_PIC_CORENTIN_BOYSSOU_2-.jpg\",\"width\":751,\"height\":1000},{\"@type\":\"BreadcrumbList\",\"@id\":\"https:\/\/www.teynier.fr\/en\/team\/corentin-boyssou-collaborateur-2\/#breadcrumb\",\"itemListElement\":[{\"@type\":\"ListItem\",\"position\":1,\"name\":\"Accueil\",\"item\":\"https:\/\/www.teynier.fr\/\"},{\"@type\":\"ListItem\",\"position\":2,\"name\":\"TEAM\",\"item\":\"https:\/\/www.teynier.fr\/en\/team\/\"},{\"@type\":\"ListItem\",\"position\":3,\"name\":\"CORENTIN BOYSSOU Collaborateur\"}]},{\"@type\":\"WebSite\",\"@id\":\"https:\/\/www.teynier.fr\/#website\",\"url\":\"https:\/\/www.teynier.fr\/\",\"name\":\"TEYNIER PIC\",\"description\":\"Dispute Resolution Boutique\",\"publisher\":{\"@id\":\"https:\/\/www.teynier.fr\/#organization\"},\"potentialAction\":[{\"@type\":\"SearchAction\",\"target\":{\"@type\":\"EntryPoint\",\"urlTemplate\":\"https:\/\/www.teynier.fr\/?s={search_term_string}\"},\"query-input\":{\"@type\":\"PropertyValueSpecification\",\"valueRequired\":true,\"valueName\":\"search_term_string\"}}],\"inLanguage\":\"en-US\"},{\"@type\":\"Organization\",\"@id\":\"https:\/\/www.teynier.fr\/#organization\",\"name\":\"TEYNIER PIC\",\"url\":\"https:\/\/www.teynier.fr\/\",\"logo\":{\"@type\":\"ImageObject\",\"inLanguage\":\"en-US\",\"@id\":\"https:\/\/www.teynier.fr\/#\/schema\/logo\/image\/\",\"url\":\"https:\/\/www.teynier.fr\/wp-content\/uploads\/2022\/06\/teynier-pic.png\",\"contentUrl\":\"https:\/\/www.teynier.fr\/wp-content\/uploads\/2022\/06\/teynier-pic.png\",\"width\":500,\"height\":120,\"caption\":\"TEYNIER PIC\"},\"image\":{\"@id\":\"https:\/\/www.teynier.fr\/#\/schema\/logo\/image\/\"},\"sameAs\":[\"https:\/\/www.linkedin.com\/company\/teynier-pic\/\"]}]}<\/script>\n<!-- \/ Yoast SEO plugin. -->","yoast_head_json":{"title":"CORENTIN BOYSSOU Collaborateur - TEYNIER PIC","robots":{"index":"index","follow":"follow","max-snippet":"max-snippet:-1","max-image-preview":"max-image-preview:large","max-video-preview":"max-video-preview:-1"},"canonical":"https:\/\/www.teynier.fr\/en\/team\/corentin-boyssou-collaborateur-2\/","og_locale":"en_US","og_type":"article","og_title":"CORENTIN BOYSSOU Collaborateur - TEYNIER PIC","og_description":"Corentin BOYSSOU Associate Direct line : +33 (0)1 53 45 97 58 corentin.boyssou@teynier.com Linkedin Corentin focuses his practice on arbitration, and more generally, on dispute resolution. Corentin acts as counsel in institutional or ad hoc arbitration proceedings across industries such as energy, construction, insurance, logistics and distribution. He also acts before French courts in judicial [&hellip;]","og_url":"https:\/\/www.teynier.fr\/en\/team\/corentin-boyssou-collaborateur-2\/","og_site_name":"TEYNIER PIC","article_modified_time":"2025-10-31T13:49:06+00:00","og_image":[{"width":751,"height":1000,"url":"https:\/\/www.teynier.fr\/wp-content\/uploads\/2025\/10\/TEYNIER_PIC_CORENTIN_BOYSSOU_2-.jpg","type":"image\/jpeg"}],"twitter_card":"summary_large_image","twitter_misc":{"Est. reading time":"1 minute"},"schema":{"@context":"https:\/\/schema.org","@graph":[{"@type":"WebPage","@id":"https:\/\/www.teynier.fr\/en\/team\/corentin-boyssou-collaborateur-2\/","url":"https:\/\/www.teynier.fr\/en\/team\/corentin-boyssou-collaborateur-2\/","name":"CORENTIN BOYSSOU Collaborateur - TEYNIER PIC","isPartOf":{"@id":"https:\/\/www.teynier.fr\/#website"},"primaryImageOfPage":{"@id":"https:\/\/www.teynier.fr\/en\/team\/corentin-boyssou-collaborateur-2\/#primaryimage"},"image":{"@id":"https:\/\/www.teynier.fr\/en\/team\/corentin-boyssou-collaborateur-2\/#primaryimage"},"thumbnailUrl":"https:\/\/www.teynier.fr\/wp-content\/uploads\/2025\/10\/TEYNIER_PIC_CORENTIN_BOYSSOU_2-.jpg","datePublished":"2025-10-30T16:07:41+00:00","dateModified":"2025-10-31T13:49:06+00:00","breadcrumb":{"@id":"https:\/\/www.teynier.fr\/en\/team\/corentin-boyssou-collaborateur-2\/#breadcrumb"},"inLanguage":"en-US","potentialAction":[{"@type":"ReadAction","target":["https:\/\/www.teynier.fr\/en\/team\/corentin-boyssou-collaborateur-2\/"]}]},{"@type":"ImageObject","inLanguage":"en-US","@id":"https:\/\/www.teynier.fr\/en\/team\/corentin-boyssou-collaborateur-2\/#primaryimage","url":"https:\/\/www.teynier.fr\/wp-content\/uploads\/2025\/10\/TEYNIER_PIC_CORENTIN_BOYSSOU_2-.jpg","contentUrl":"https:\/\/www.teynier.fr\/wp-content\/uploads\/2025\/10\/TEYNIER_PIC_CORENTIN_BOYSSOU_2-.jpg","width":751,"height":1000},{"@type":"BreadcrumbList","@id":"https:\/\/www.teynier.fr\/en\/team\/corentin-boyssou-collaborateur-2\/#breadcrumb","itemListElement":[{"@type":"ListItem","position":1,"name":"Accueil","item":"https:\/\/www.teynier.fr\/"},{"@type":"ListItem","position":2,"name":"TEAM","item":"https:\/\/www.teynier.fr\/en\/team\/"},{"@type":"ListItem","position":3,"name":"CORENTIN BOYSSOU Collaborateur"}]},{"@type":"WebSite","@id":"https:\/\/www.teynier.fr\/#website","url":"https:\/\/www.teynier.fr\/","name":"TEYNIER PIC","description":"Dispute Resolution Boutique","publisher":{"@id":"https:\/\/www.teynier.fr\/#organization"},"potentialAction":[{"@type":"SearchAction","target":{"@type":"EntryPoint","urlTemplate":"https:\/\/www.teynier.fr\/?s={search_term_string}"},"query-input":{"@type":"PropertyValueSpecification","valueRequired":true,"valueName":"search_term_string"}}],"inLanguage":"en-US"},{"@type":"Organization","@id":"https:\/\/www.teynier.fr\/#organization","name":"TEYNIER PIC","url":"https:\/\/www.teynier.fr\/","logo":{"@type":"ImageObject","inLanguage":"en-US","@id":"https:\/\/www.teynier.fr\/#\/schema\/logo\/image\/","url":"https:\/\/www.teynier.fr\/wp-content\/uploads\/2022\/06\/teynier-pic.png","contentUrl":"https:\/\/www.teynier.fr\/wp-content\/uploads\/2022\/06\/teynier-pic.png","width":500,"height":120,"caption":"TEYNIER PIC"},"image":{"@id":"https:\/\/www.teynier.fr\/#\/schema\/logo\/image\/"},"sameAs":["https:\/\/www.linkedin.com\/company\/teynier-pic\/"]}]}},"_links":{"self":[{"href":"https:\/\/www.teynier.fr\/en\/wp-json\/wp\/v2\/pages\/23808","targetHints":{"allow":["GET"]}}],"collection":[{"href":"https:\/\/www.teynier.fr\/en\/wp-json\/wp\/v2\/pages"}],"about":[{"href":"https:\/\/www.teynier.fr\/en\/wp-json\/wp\/v2\/types\/page"}],"author":[{"embeddable":true,"href":"https:\/\/www.teynier.fr\/en\/wp-json\/wp\/v2\/users\/5"}],"replies":[{"embeddable":true,"href":"https:\/\/www.teynier.fr\/en\/wp-json\/wp\/v2\/comments?post=23808"}],"version-history":[{"count":13,"href":"https:\/\/www.teynier.fr\/en\/wp-json\/wp\/v2\/pages\/23808\/revisions"}],"predecessor-version":[{"id":23852,"href":"https:\/\/www.teynier.fr\/en\/wp-json\/wp\/v2\/pages\/23808\/revisions\/23852"}],"up":[{"embeddable":true,"href":"https:\/\/www.teynier.fr\/en\/wp-json\/wp\/v2\/pages\/17485"}],"wp:featuredmedia":[{"embeddable":true,"href":"https:\/\/www.teynier.fr\/en\/wp-json\/wp\/v2\/media\/23787"}],"wp:attachment":[{"href":"https:\/\/www.teynier.fr\/en\/wp-json\/wp\/v2\/media?parent=23808"}],"wp:term":[{"taxonomy":"category","embeddable":true,"href":"https:\/\/www.teynier.fr\/en\/wp-json\/wp\/v2\/categories?post=23808"},{"taxonomy":"post_tag","embeddable":true,"href":"https:\/\/www.teynier.fr\/en\/wp-json\/wp\/v2\/tags?post=23808"}],"curies":[{"name":"wp","href":"https:\/\/api.w.org\/{rel}","templated":true}]}}